{"id":157,"date":"2017-06-08T16:21:39","date_gmt":"2017-06-08T14:21:39","guid":{"rendered":"https:\/\/www.djfio.de\/?page_id=157"},"modified":"2019-05-09T08:47:36","modified_gmt":"2019-05-09T06:47:36","slug":"technik","status":"publish","type":"page","link":"https:\/\/www.djfio.de\/?page_id=157","title":{"rendered":"Technik"},"content":{"rendered":"<p><span style=\"font-size: 10pt; font-family: helvetica, arial, sans-serif;\">Macbook Pro mit Traktor Audio 6 f\u00fcr die Timecode Steuerung<\/span><\/p>\n<p><span style=\"font-family: helvetica, arial, sans-serif;\"><strong>Musikanlage:<\/strong><\/span><\/p>\n<p><span style=\"font-size: 10pt; font-family: helvetica, arial, sans-serif;\">1 x 18&#8243; aktiver Subwoofer mit 2 x 15 &#8220; aktive Tops mit Stative<\/span><\/p>\n<p><span style=\"font-size: 10pt; font-family: helvetica, arial, sans-serif;\">alternative<\/span><\/p>\n<p><span style=\"font-size: 10pt; font-family: helvetica, arial, sans-serif;\">2 x 18 &#8220; aktive Subwoofer mit 2 x 15 &#8220; aktive Tops mit Stative<\/span><\/p>\n<p><span style=\"font-size: 10pt; font-family: helvetica, arial, sans-serif;\">alternative<\/span><\/p>\n<p><span style=\"font-size: 10pt; font-family: helvetica, arial, sans-serif;\">2 x Bose aktiv S\u00e4ulen System<\/span><\/p>\n<p><span style=\"font-size: 10pt; font-family: helvetica, arial, sans-serif;\">2 x Reloop RP 7000 Turntables<\/span><\/p>\n<p><span style=\"font-size: 10pt; font-family: helvetica, arial, sans-serif;\">1 x Pioneer Mischpult<\/span><\/p>\n<p><span style=\"font-size: 10pt; font-family: helvetica, arial, sans-serif;\">1 x Sennheiser Funkmikrofon<\/span><\/p>\n<p><span style=\"font-family: helvetica, arial, sans-serif;\">2 x Pioneer CDJ<\/span><\/p>\n<p><span style=\"font-family: helvetica, arial, sans-serif;\"><strong>Lichtanlage:<\/strong><\/span><\/p>\n<p><span style=\"font-size: 10pt; font-family: helvetica, arial, sans-serif;\">2 x Eurolite LED Bars mit Stativ<\/span><\/p>\n<p><span style=\"font-size: 10pt; font-family: helvetica, arial, sans-serif;\">2 x Eurolite Flower Effect<\/span><\/p>\n<p><span style=\"font-size: 10pt; font-family: helvetica, arial, sans-serif;\">1 x Eurolite UV LED Spot<\/span><\/p>\n<p><span style=\"font-size: 10pt; font-family: helvetica, arial, sans-serif;\">8 x Eurolite LED PAR Uplights<\/span><\/p>\n<p><span style=\"font-size: 10pt; font-family: helvetica, arial, sans-serif;\">2 x LED Moving Head<\/span><\/p>\n<p><span style=\"font-family: helvetica, arial, sans-serif;\"><strong>weiteres Equipment:<\/strong><\/span><\/p>\n<p><span style=\"font-size: 10pt; font-family: helvetica, arial, sans-serif;\">1 x Nebelmaschine<\/span><\/p>\n<p><span style=\"font-size: 10pt; font-family: helvetica, arial, sans-serif;\">1 x DJ Screen<\/span><\/p>\n<p>&nbsp;<\/p>\n<p><span style=\"font-size: 12pt; font-family: helvetica, arial, sans-serif;\"><strong>Technik-Paket&nbsp;&#8222;Mini&#8220;<\/strong><\/span><\/p>\n<p class=\"font_6\"><span style=\"font-size: 12pt; font-family: helvetica, arial, sans-serif;\"><strong>F\u00fcr Events bis zu 30 Personen<\/strong><\/span><\/p>\n<p class=\"font_7\"><span style=\"font-size: 10pt; font-family: helvetica, arial, sans-serif;\">\u2666 2 x Aktive 15&#8243; Tops<\/span><\/p>\n<p class=\"font_7\"><span style=\"font-size: 10pt; font-family: helvetica, arial, sans-serif;\">\u2666&nbsp;1 x 4 er LED Bar<\/span><\/p>\n<p class=\"font_7\"><span style=\"font-size: 10pt; font-family: helvetica, arial, sans-serif;\">\u2666 1 x Flower Effekt<\/span><\/p>\n<p class=\"font_7\"><span style=\"font-size: 10pt; font-family: helvetica, arial, sans-serif;\">\u2666 1 x Pioneer DJ Mixer und 2 Reloop Plattenspieler<\/span><\/p>\n<p class=\"font_7\"><span style=\"font-size: 10pt; font-family: helvetica, arial, sans-serif;\">\u2666 1 x Mikrofon&nbsp;mit Kabel<\/span><\/p>\n<p>&nbsp;<\/p>\n<p class=\"font_6\"><span style=\"font-size: 12pt; font-family: helvetica, arial, sans-serif;\"><strong>Technik-Paket &#8222;Standard&#8220;<\/strong><\/span><\/p>\n<p class=\"font_6\"><span style=\"font-size: 12pt; font-family: helvetica, arial, sans-serif;\"><strong>F\u00fcr Events bis zu 75 Personen<\/strong><\/span><\/p>\n<p class=\"font_7\"><span style=\"font-size: 10pt; font-family: helvetica, arial, sans-serif;\">\u2666 2 x Aktive 15&#8243; Tops und 1x Aktiver 18&#8243; Subwoofer<\/span><\/p>\n<p class=\"font_7\"><span style=\"font-size: 10pt; font-family: helvetica, arial, sans-serif;\">\u2666 1 x 4 er LED Bar<\/span><\/p>\n<p class=\"font_7\"><span style=\"font-size: 10pt; font-family: helvetica, arial, sans-serif;\">\u2666 2 x Uplight Effekt<\/span><\/p>\n<p><span style=\"font-size: 10pt; font-family: helvetica, arial, sans-serif;\">\u2666 1 x Flower Effekt<\/span><\/p>\n<p class=\"font_7\"><span style=\"font-size: 10pt; font-family: helvetica, arial, sans-serif;\">\u2666 2x Moving-Head<\/span><\/p>\n<p class=\"font_7\"><span style=\"font-size: 10pt; font-family: helvetica, arial, sans-serif;\">\u2666 1 x LED-UV-Spot<\/span><\/p>\n<p class=\"font_7\"><span style=\"font-size: 10pt; font-family: helvetica, arial, sans-serif;\">\u2666 1 x Pioneer DJ Mixer und 2 Reloop Plattenspieler<\/span><\/p>\n<p class=\"font_7\"><span style=\"font-size: 10pt; font-family: helvetica, arial, sans-serif;\">\u2666&nbsp;1 x Funk Mikrofon<\/span><\/p>\n","protected":false},"excerpt":{"rendered":"<p>Macbook Pro mit Traktor Audio 6 f\u00fcr die Timecode Steuerung Musikanlage: 1 x 18&#8243; aktiver Subwoofer mit 2 x 15 &#8220; aktive Tops&#8230;<\/p>\n","protected":false},"author":1,"featured_media":0,"parent":0,"menu_order":5,"comment_status":"closed","ping_status":"closed","template":"","meta":{"saved_in_kubio":false,"ngg_post_thumbnail":0,"jetpack_post_was_ever_published":false,"footnotes":""},"class_list":["post-157","page","type-page","status-publish","hentry"],"kubio_ai_page_context":{"short_desc":"","purpose":"general"},"jetpack_sharing_enabled":true,"jetpack_shortlink":"https:\/\/wp.me\/P8vw28-2x","jetpack-related-posts":[{"id":229,"url":"https:\/\/www.djfio.de\/","url_meta":{"origin":157,"position":0},"title":"Home","author":"fio","date":"13. Juni 2017","format":false,"excerpt":"Hallo, ich bin Oliver Deejay FiO Sie suchen einen DJ f\u00fcr \u2026 Geburtstagspartys, Hochzeitsfesten, Firmenveranstaltungen, Mottoparty oder Open Air \u2026 mit oder ohne Anlage \u2026 mit verschiedener Beleuchtung f\u00fcr das gewollte Ambiente Dann haben Sie ihn gefunden, seit mehr als 20 Jahren bin ich im Auftrag der Party f\u00fcr Sie\u2026","rel":"","context":"\u00c4hnlicher Beitrag","block_context":{"text":"\u00c4hnlicher Beitrag","link":""},"img":{"alt_text":"","src":"https:\/\/i0.wp.com\/www.djfio.de\/wp-content\/uploads\/2025\/08\/DJ-Allianz-Instagram-neues-Format-1080x1080-1-240x300.png?resize=350%2C200&ssl=1","width":350,"height":200},"classes":[]},{"id":2,"url":"https:\/\/www.djfio.de\/?page_id=2","url_meta":{"origin":157,"position":1},"title":"Ihr Event","author":"fio","date":"14. M\u00e4rz 2017","format":false,"excerpt":"Legen Sie Ihre Feier in professionelle H\u00e4nde! Wenn es darum geht, etwas wirklich Einzigartiges zu planen, sollte man nichts dem Zufall \u00fcberlassen. Mit Blick auf die Gestaltung Ihrer Party ist der erste Eindruck in jedem Fall der entscheidende. Wer sich da auf einen unerfahrenen DJ verl\u00e4sst, wird oft selbst im\u2026","rel":"","context":"\u00c4hnlicher Beitrag","block_context":{"text":"\u00c4hnlicher Beitrag","link":""},"img":{"alt_text":"","src":"","width":0,"height":0},"classes":[]},{"id":83,"url":"https:\/\/www.djfio.de\/?page_id=83","url_meta":{"origin":157,"position":2},"title":"Deejay FiO","author":"fio","date":"8. Juni 2017","format":false,"excerpt":"Musik begleitet mich schon mein ganzes Leben. Mit meiner Leidenschaft begeistere ich seit Jahren meine Kunden auf Ihren pers\u00f6nlichen Events. Ich begann 1989 als DJ in einer Disco in unsrer Stadt und auf \u00a0verschiedenen Feiern Musik zu machen. Sei es die Schule oder der Sportverein gewesen, oft wurde nur nach\u2026","rel":"","context":"\u00c4hnlicher Beitrag","block_context":{"text":"\u00c4hnlicher Beitrag","link":""},"img":{"alt_text":"","src":"","width":0,"height":0},"classes":[]},{"id":536,"url":"https:\/\/www.djfio.de\/?page_id=536","url_meta":{"origin":157,"position":3},"title":"Datenschutzerkl\u00e4rung","author":"fio","date":"1. Juni 2018","format":false,"excerpt":"Wer wir sind Die Adresse unserer Website ist: https:\/\/www.djfio.de. Welche personenbezogenen Daten wir sammeln und warum wir sie sammeln Kommentare Wenn Besucher Kommentare auf der Website schreiben, sammeln wir die Daten, die im Kommentar-Formular angezeigt werden, au\u00dferdem die IP-Adresse des Besuchers und den User-Agent-String (damit wird der Browser identifiziert), um\u2026","rel":"","context":"\u00c4hnlicher Beitrag","block_context":{"text":"\u00c4hnlicher Beitrag","link":""},"img":{"alt_text":"","src":"","width":0,"height":0},"classes":[]},{"id":86,"url":"https:\/\/www.djfio.de\/?page_id=86","url_meta":{"origin":157,"position":4},"title":"Impressum","author":"fio","date":"8. Juni 2017","format":false,"excerpt":"Impressum Angaben gem\u00e4\u00df \u00a7 5 TMG: Oliver Fischer Deejay FiO 92256 Hahnbach Kontakt: Telefon: 01703220589 E-Mail: kontakt@djfio.de Wir sind nicht bereit oder verpflichtet, an Streitbeilegungsverfahren vor einer Verbraucherschlichtungsstelle teilzunehmen. \u00a0 Datenschutzerkl\u00e4rung Datenschutz Die Betreiber dieser Seiten nehmen den Schutz Ihrer pers\u00f6nlichen Daten sehr ernst. Wir behandeln Ihre personenbezogenen Daten vertraulich\u2026","rel":"","context":"\u00c4hnlicher Beitrag","block_context":{"text":"\u00c4hnlicher Beitrag","link":""},"img":{"alt_text":"","src":"","width":0,"height":0},"classes":[]},{"id":65,"url":"https:\/\/www.djfio.de\/?page_id=65","url_meta":{"origin":157,"position":5},"title":"Preise","author":"fio","date":"8. Juni 2017","format":false,"excerpt":"Die Frage nach dem Preis ist eine der meistgestellten \u00fcberhaupt. Leider l\u00e4sst sich diese nicht 100% pauschal beantworten. \u00c4hnlich wie beim Autokauf kommt es immer auf das Modell an, was man haben m\u00f6chte.\u00a0Grunds\u00e4tzlich gibt es bei mir verschiedene\u00a0\"Spielzeit-Pakete\", welche Sie unten als Auflistung finden. Inklusive Open-End Option Nat\u00fcrlich mache ich\u2026","rel":"","context":"\u00c4hnlicher Beitrag","block_context":{"text":"\u00c4hnlicher Beitrag","link":""},"img":{"alt_text":"","src":"","width":0,"height":0},"classes":[]}],"_links":{"self":[{"href":"https:\/\/www.djfio.de\/index.php?rest_route=\/wp\/v2\/pages\/157","targetHints":{"allow":["GET"]}}],"collection":[{"href":"https:\/\/www.djfio.de\/index.php?rest_route=\/wp\/v2\/pages"}],"about":[{"href":"https:\/\/www.djfio.de\/index.php?rest_route=\/wp\/v2\/types\/page"}],"author":[{"embeddable":true,"href":"https:\/\/www.djfio.de\/index.php?rest_route=\/wp\/v2\/users\/1"}],"replies":[{"embeddable":true,"href":"https:\/\/www.djfio.de\/index.php?rest_route=%2Fwp%2Fv2%2Fcomments&post=157"}],"version-history":[{"count":14,"href":"https:\/\/www.djfio.de\/index.php?rest_route=\/wp\/v2\/pages\/157\/revisions"}],"predecessor-version":[{"id":1186,"href":"https:\/\/www.djfio.de\/index.php?rest_route=\/wp\/v2\/pages\/157\/revisions\/1186"}],"wp:attachment":[{"href":"https:\/\/www.djfio.de\/index.php?rest_route=%2Fwp%2Fv2%2Fmedia&parent=157"}],"curies":[{"name":"wp","href":"https:\/\/api.w.org\/{rel}","templated":true}]}}