{"id":269,"date":"2017-06-21T13:13:08","date_gmt":"2017-06-21T11:13:08","guid":{"rendered":"https:\/\/www.djfio.de\/?page_id=269"},"modified":"2019-06-12T22:00:40","modified_gmt":"2019-06-12T20:00:40","slug":"mixtapes","status":"publish","type":"page","link":"https:\/\/www.djfio.de\/?page_id=269","title":{"rendered":"Mixtapes"},"content":{"rendered":"<p>Mixtapes auf Mixcloud<\/p>\n<p><iframe loading=\"lazy\" src=\"https:\/\/www.mixcloud.com\/widget\/iframe\/?hide_cover=1&amp;feed=%2Fdeejay-fio%2Fboot-mash-the-remix-2k19-mixed-by-deejay-fio%2F\" width=\"100%\" height=\"120\" frameborder=\"0\"><\/iframe><\/p>\n<p><iframe loading=\"lazy\" src=\"https:\/\/www.mixcloud.com\/widget\/iframe\/?hide_cover=1&amp;feed=%2Fdeejay-fio%2Frnb-charts-mixtape-2015%2F\" width=\"100%\" height=\"120\" frameborder=\"0\"><\/iframe><\/p>\n<p><iframe loading=\"lazy\" src=\"https:\/\/www.mixcloud.com\/widget\/iframe\/?hide_cover=1&amp;feed=%2Fdeejay-fio%2Fvarious-artist-house-mixtape-vol-02-by-dj-oli%2F\" width=\"100%\" height=\"120\" frameborder=\"0\"><\/iframe><\/p>\n<p><iframe loading=\"lazy\" src=\"https:\/\/www.mixcloud.com\/widget\/iframe\/?hide_cover=1&amp;feed=%2Fdeejay-fio%2Fva-not-only-old-school-rnb-mixtape-vol-01-by-dj-oli%2F\" width=\"100%\" height=\"120\" frameborder=\"0\"><\/iframe><\/p>\n<p><iframe loading=\"lazy\" src=\"https:\/\/www.mixcloud.com\/widget\/iframe\/?hide_cover=1&amp;feed=%2Fdeejay-fio%2Fva-old-school-mixtape-vol-01-by-dj-oli%2F\" width=\"100%\" height=\"120\" frameborder=\"0\"><\/iframe><\/p>\n<p><iframe loading=\"lazy\" src=\"https:\/\/www.mixcloud.com\/widget\/iframe\/?hide_cover=1&amp;feed=%2Fdeejay-fio%2Fva-black-mixtape-by-dj-oli%2F\" width=\"100%\" height=\"120\" frameborder=\"0\"><\/iframe><\/p>\n\n","protected":false},"excerpt":{"rendered":"<p>Mixtapes auf Mixcloud<\/p>\n","protected":false},"author":1,"featured_media":0,"parent":0,"menu_order":6,"comment_status":"closed","ping_status":"closed","template":"","meta":{"saved_in_kubio":false,"ngg_post_thumbnail":0,"jetpack_post_was_ever_published":false,"footnotes":""},"class_list":["post-269","page","type-page","status-publish","hentry"],"kubio_ai_page_context":{"short_desc":"","purpose":"general"},"jetpack_sharing_enabled":true,"jetpack_shortlink":"https:\/\/wp.me\/P8vw28-4l","jetpack-related-posts":[{"id":536,"url":"https:\/\/www.djfio.de\/?page_id=536","url_meta":{"origin":269,"position":0},"title":"Datenschutzerkl\u00e4rung","author":"fio","date":"1. Juni 2018","format":false,"excerpt":"Wer wir sind Die Adresse unserer Website ist: https:\/\/www.djfio.de. Welche personenbezogenen Daten wir sammeln und warum wir sie sammeln Kommentare Wenn Besucher Kommentare auf der Website schreiben, sammeln wir die Daten, die im Kommentar-Formular angezeigt werden, au\u00dferdem die IP-Adresse des Besuchers und den User-Agent-String (damit wird der Browser identifiziert), um\u2026","rel":"","context":"\u00c4hnlicher Beitrag","block_context":{"text":"\u00c4hnlicher Beitrag","link":""},"img":{"alt_text":"","src":"","width":0,"height":0},"classes":[]},{"id":65,"url":"https:\/\/www.djfio.de\/?page_id=65","url_meta":{"origin":269,"position":1},"title":"Preise","author":"fio","date":"8. Juni 2017","format":false,"excerpt":"Die Frage nach dem Preis ist eine der meistgestellten \u00fcberhaupt. Leider l\u00e4sst sich diese nicht 100% pauschal beantworten. \u00c4hnlich wie beim Autokauf kommt es immer auf das Modell an, was man haben m\u00f6chte.\u00a0Grunds\u00e4tzlich gibt es bei mir verschiedene\u00a0\"Spielzeit-Pakete\", welche Sie unten als Auflistung finden. Inklusive Open-End Option Nat\u00fcrlich mache ich\u2026","rel":"","context":"\u00c4hnlicher Beitrag","block_context":{"text":"\u00c4hnlicher Beitrag","link":""},"img":{"alt_text":"","src":"","width":0,"height":0},"classes":[]},{"id":86,"url":"https:\/\/www.djfio.de\/?page_id=86","url_meta":{"origin":269,"position":2},"title":"Impressum","author":"fio","date":"8. Juni 2017","format":false,"excerpt":"Impressum Angaben gem\u00e4\u00df \u00a7 5 TMG: Oliver Fischer Deejay FiO 92256 Hahnbach Kontakt: Telefon: 01703220589 E-Mail: kontakt@djfio.de Wir sind nicht bereit oder verpflichtet, an Streitbeilegungsverfahren vor einer Verbraucherschlichtungsstelle teilzunehmen. \u00a0 Datenschutzerkl\u00e4rung Datenschutz Die Betreiber dieser Seiten nehmen den Schutz Ihrer pers\u00f6nlichen Daten sehr ernst. Wir behandeln Ihre personenbezogenen Daten vertraulich\u2026","rel":"","context":"\u00c4hnlicher Beitrag","block_context":{"text":"\u00c4hnlicher Beitrag","link":""},"img":{"alt_text":"","src":"","width":0,"height":0},"classes":[]},{"id":83,"url":"https:\/\/www.djfio.de\/?page_id=83","url_meta":{"origin":269,"position":3},"title":"Deejay FiO","author":"fio","date":"8. Juni 2017","format":false,"excerpt":"Musik begleitet mich schon mein ganzes Leben. Mit meiner Leidenschaft begeistere ich seit Jahren meine Kunden auf Ihren pers\u00f6nlichen Events. Ich begann 1989 als DJ in einer Disco in unsrer Stadt und auf \u00a0verschiedenen Feiern Musik zu machen. Sei es die Schule oder der Sportverein gewesen, oft wurde nur nach\u2026","rel":"","context":"\u00c4hnlicher Beitrag","block_context":{"text":"\u00c4hnlicher Beitrag","link":""},"img":{"alt_text":"","src":"","width":0,"height":0},"classes":[]},{"id":229,"url":"https:\/\/www.djfio.de\/","url_meta":{"origin":269,"position":4},"title":"Home","author":"fio","date":"13. Juni 2017","format":false,"excerpt":"Hallo, ich bin Oliver Deejay FiO Sie suchen einen DJ f\u00fcr \u2026 Geburtstagspartys, Hochzeitsfesten, Firmenveranstaltungen, Mottoparty oder Open Air \u2026 mit oder ohne Anlage \u2026 mit verschiedener Beleuchtung f\u00fcr das gewollte Ambiente Dann haben Sie ihn gefunden, seit mehr als 20 Jahren bin ich im Auftrag der Party f\u00fcr Sie\u2026","rel":"","context":"\u00c4hnlicher Beitrag","block_context":{"text":"\u00c4hnlicher Beitrag","link":""},"img":{"alt_text":"","src":"https:\/\/i0.wp.com\/www.djfio.de\/wp-content\/uploads\/2025\/08\/DJ-Allianz-Instagram-neues-Format-1080x1080-1-240x300.png?resize=350%2C200&ssl=1","width":350,"height":200},"classes":[]},{"id":2,"url":"https:\/\/www.djfio.de\/?page_id=2","url_meta":{"origin":269,"position":5},"title":"Ihr Event","author":"fio","date":"14. M\u00e4rz 2017","format":false,"excerpt":"Legen Sie Ihre Feier in professionelle H\u00e4nde! Wenn es darum geht, etwas wirklich Einzigartiges zu planen, sollte man nichts dem Zufall \u00fcberlassen. Mit Blick auf die Gestaltung Ihrer Party ist der erste Eindruck in jedem Fall der entscheidende. Wer sich da auf einen unerfahrenen DJ verl\u00e4sst, wird oft selbst im\u2026","rel":"","context":"\u00c4hnlicher Beitrag","block_context":{"text":"\u00c4hnlicher Beitrag","link":""},"img":{"alt_text":"","src":"","width":0,"height":0},"classes":[]}],"_links":{"self":[{"href":"https:\/\/www.djfio.de\/index.php?rest_route=\/wp\/v2\/pages\/269","targetHints":{"allow":["GET"]}}],"collection":[{"href":"https:\/\/www.djfio.de\/index.php?rest_route=\/wp\/v2\/pages"}],"about":[{"href":"https:\/\/www.djfio.de\/index.php?rest_route=\/wp\/v2\/types\/page"}],"author":[{"embeddable":true,"href":"https:\/\/www.djfio.de\/index.php?rest_route=\/wp\/v2\/users\/1"}],"replies":[{"embeddable":true,"href":"https:\/\/www.djfio.de\/index.php?rest_route=%2Fwp%2Fv2%2Fcomments&post=269"}],"version-history":[{"count":17,"href":"https:\/\/www.djfio.de\/index.php?rest_route=\/wp\/v2\/pages\/269\/revisions"}],"predecessor-version":[{"id":1309,"href":"https:\/\/www.djfio.de\/index.php?rest_route=\/wp\/v2\/pages\/269\/revisions\/1309"}],"wp:attachment":[{"href":"https:\/\/www.djfio.de\/index.php?rest_route=%2Fwp%2Fv2%2Fmedia&parent=269"}],"curies":[{"name":"wp","href":"https:\/\/api.w.org\/{rel}","templated":true}]}}