{"id":65,"date":"2017-06-08T11:43:26","date_gmt":"2017-06-08T09:43:26","guid":{"rendered":"https:\/\/www.djfio.de\/wp\/?page_id=65"},"modified":"2019-05-09T09:51:16","modified_gmt":"2019-05-09T07:51:16","slug":"preise","status":"publish","type":"page","link":"https:\/\/www.djfio.de\/?page_id=65","title":{"rendered":"Preise"},"content":{"rendered":"<p class=\"font_8\"><span style=\"font-size: 10pt; font-family: helvetica, arial, sans-serif;\">Die Frage nach dem Preis ist eine der meistgestellten \u00fcberhaupt. Leider l\u00e4sst sich diese nicht 100% pauschal beantworten. \u00c4hnlich wie beim Autokauf kommt es immer auf das Modell an, was man haben m\u00f6chte.&nbsp;Grunds\u00e4tzlich gibt es bei mir verschiedene&nbsp;&#8222;Spielzeit-Pakete&#8220;, welche Sie unten als Auflistung finden.<\/span><\/p>\n<p class=\"font_8\"><span style=\"font-family: helvetica, arial, sans-serif; font-size: 12pt;\"><strong>Inklusive Open-End Option<\/strong><\/span><\/p>\n<p class=\"font_8\"><span style=\"font-size: 10pt; font-family: helvetica, arial, sans-serif;\">Nat\u00fcrlich mache ich am Abend Ihrer Feier nach Ende des gebuchten Zeitpaketes nicht einfach die Musik aus, sondern falls die Stimmung gerade ihren H\u00f6hepunkt erreicht und Sie es w\u00fcnschen, gehen wir gerne in die Verl\u00e4ngerung.<\/span><\/p>\n<p class=\"font_8\"><span style=\"font-size: 10pt; font-family: helvetica, arial, sans-serif;\">Zudem gibt es noch verschiedene Ton- und Licht-Pakete, aus denen Sie Ihre ganz pers\u00f6nlichen Favoriten w\u00e4hlen k\u00f6nnen. Diese k\u00f6nnen Sie im Bereich &#8222;Technik&#8220; einsehen. Selbstverst\u00e4ndlich ist auch hier eine Aufstockung m\u00f6glich.<\/span><\/p>\n<p class=\"font_8\"><span style=\"font-size: 10pt; font-family: helvetica, arial, sans-serif;\">Neben der technischen Ausstattung spielen weitere Faktoren f\u00fcr den Preis eine Rolle, die ich Ihnen hier einmal aufliste:<\/span><\/p>\n<ul class=\"font_7\">\n<li>\n<p class=\"font_8\"><span style=\"font-size: 10pt; font-family: helvetica, arial, sans-serif;\">Beginn und Wunschdauer der Musik<\/span><\/p>\n<\/li>\n<li>\n<p class=\"font_8\"><span style=\"font-size: 10pt; font-family: helvetica, arial, sans-serif;\">Zu beschallende G\u00e4stezahl<\/span><\/p>\n<\/li>\n<li>\n<p class=\"font_8\"><span style=\"font-size: 10pt; font-family: helvetica, arial, sans-serif;\">Wahl der Technikgr\u00f6\u00dfe<\/span><\/p>\n<\/li>\n<li>\n<p class=\"font_8\"><span style=\"font-size: 10pt; font-family: helvetica, arial, sans-serif;\">Ort der Veranstaltung (Entfernung)<\/span><\/p>\n<\/li>\n<li>\n<p class=\"font_8\"><span style=\"font-size: 10pt; font-family: helvetica, arial, sans-serif;\">Findet die Feier Indoor oder Outdoor statt<\/span><\/p>\n<\/li>\n<li>\n<p class=\"font_8\"><span style=\"font-size: 10pt; font-family: helvetica, arial, sans-serif;\">Extraw\u00fcnsche (Weitere Technik)<\/span><\/p>\n<\/li>\n<\/ul>\n<p class=\"font_8\"><span style=\"font-family: helvetica, arial, sans-serif;\"><strong><span style=\"font-size: 12pt;\">Keine Extrakosten<\/span><\/strong><\/span><\/p>\n<p class=\"font_8\"><span style=\"font-size: 10pt; font-family: helvetica, arial, sans-serif;\">Desweiteren vereinbare ich ausschlie\u00dflich Pauschalpreise, das hei\u00dft f\u00fcr Sie:&nbsp;Keine Extrakosten.<\/span><\/p>\n<p class=\"font_8\"><span style=\"font-size: 10pt; font-family: helvetica, arial, sans-serif;\">Am besten Sie nutzen das&nbsp;Kontaktformular&nbsp;oder rufen mich f\u00fcr die erste Anfrage pers\u00f6nlich an, damit ich Ihnen ein m\u00f6glichst genaues Angebot zukommen lassen kann<\/span><\/p>\n<h3 class=\"font_8\"><span style=\"font-family: helvetica, arial, sans-serif;\"><strong>Preisberechnung<\/strong><\/span><\/h3>\n<p class=\"font_7\"><span style=\"font-size: 10pt; font-family: helvetica, arial, sans-serif;\">Wie berechnet sich der Preis eines professionellen Discjockeys ?<\/span><br \/>\n<span style=\"font-size: 10pt; font-family: helvetica, arial, sans-serif;\"> Ich rechne Ihnen das am Beispiel eines 7 Stunden Bookings aus:<\/span><\/p>\n<ul style=\"list-style-type: circle;\">\n<li class=\"font_8\"><span style=\"font-size: 10pt; font-family: helvetica, arial, sans-serif;\">&nbsp;Beratendes Vorgespr\u00e4ch: ca. 1,0 Std.<\/span><\/li>\n<\/ul>\n<ul class=\"font_8\">\n<li>\n<p class=\"font_8\"><span style=\"font-size: 10pt; font-family: helvetica, arial, sans-serif;\">Vorbereitung der W\u00fcnsche und Musik f\u00fcr Ihr Event: ca. 1,5 Std.<\/span><\/p>\n<\/li>\n<li>\n<p class=\"font_8\"><span style=\"font-size: 10pt; font-family: helvetica, arial, sans-serif;\">Einladen zu Hause: 0,5 Std.<\/span><\/p>\n<\/li>\n<li>\n<p class=\"font_8\"><span style=\"font-size: 10pt; font-family: helvetica, arial, sans-serif;\">Anfahrt zu Ihrer Feier: ca. 1,0 Std.<\/span><\/p>\n<\/li>\n<li>\n<p class=\"font_8\"><span style=\"font-size: 10pt; font-family: helvetica, arial, sans-serif;\">Aufbau der Ton- &amp; Lichtanlage inkl. Test: ca. 1,0 Std.<\/span><\/p>\n<\/li>\n<li>\n<p class=\"font_8\"><span style=\"font-size: 10pt; font-family: helvetica, arial, sans-serif;\">DJ-Einsatzzeit auf Ihrem Event: 7,0 Std.<\/span><\/p>\n<\/li>\n<li>\n<p class=\"font_8\"><span style=\"font-size: 10pt; font-family: helvetica, arial, sans-serif;\">Abbau der Ton- &amp; Lichtanlage: ca. 1,0 Std<\/span><\/p>\n<\/li>\n<li>\n<p class=\"font_8\"><span style=\"font-size: 10pt; font-family: helvetica, arial, sans-serif;\">Abfahrt von Ihrer Feier: ca. 1,0 Std.<\/span><\/p>\n<\/li>\n<li>\n<p class=\"font_8\"><span style=\"font-size: 10pt; font-family: helvetica, arial, sans-serif;\">Ausladen zu Hause, sowie die Einlagerung: 0,5 Std.<\/span><\/p>\n<\/li>\n<\/ul>\n<p class=\"font_8\"><span style=\"font-family: helvetica, arial, sans-serif;\"><span style=\"font-size: 10pt;\">&nbsp;<\/span><span style=\"font-size: 12pt;\">DAS SIND ZUSAMMEN SCHON MAL:&nbsp;<strong>15 Std<\/strong>.<\/span><\/span><\/p>\n<p class=\"font_8\"><span style=\"font-size: 10pt; font-family: helvetica, arial, sans-serif;\">&nbsp;<strong>\u00dcbrigens:<\/strong><\/span><\/p>\n<p class=\"font_8\"><span style=\"font-size: 10pt; font-family: helvetica, arial, sans-serif;\">Wenn die Stimmung so richtig gut ist, was sehr oft der Fall ist, geht\u00b4s auch gerne in die Verl\u00e4ngerung!<\/span><\/p>\n<p class=\"font_8\"><span style=\"font-family: helvetica, arial, sans-serif;\"><span style=\"font-size: 10pt;\">&nbsp;<\/span><span style=\"font-size: 10pt;\">&nbsp;<strong>HIER NOCH EINE WEITERE AUFLISTUNG WICHTIGER PREISINFORMATIONEN<\/strong><\/span><\/span><\/p>\n<ul class=\"font_8\">\n<li>\n<p class=\"font_8\"><span style=\"font-size: 10pt; font-family: helvetica, arial, sans-serif;\">Mich technisch auf dem laufenden zu halten<\/span><\/p>\n<\/li>\n<li>\n<p class=\"font_8\"><span style=\"font-size: 10pt; font-family: helvetica, arial, sans-serif;\">Ein Fahrzeug f\u00fcr den Transport<\/span><\/p>\n<\/li>\n<li>\n<p class=\"font_8\"><span style=\"font-size: 10pt; font-family: helvetica, arial, sans-serif;\">die Pflege und Wartung des DJ-Equipments<\/span><\/p>\n<\/li>\n<li>\n<p class=\"font_8\"><span style=\"font-size: 10pt; font-family: helvetica, arial, sans-serif;\">Versicherung der Ton- und Lichtanlage<\/span><\/p>\n<\/li>\n<li>\n<p class=\"font_8\"><span style=\"font-size: 10pt; font-family: helvetica, arial, sans-serif;\">Betriebshaftpflicht-Versicherung<\/span><\/p>\n<\/li>\n<li>\n<p class=\"font_8\"><span style=\"font-size: 10pt; font-family: helvetica, arial, sans-serif;\">Fortbildungen, Trends und Neuheiten-Seminare<\/span><\/p>\n<\/li>\n<li>\n<p class=\"font_8\"><span style=\"font-size: 10pt; font-family: helvetica, arial, sans-serif;\">sowie Anschaffung neuer Tontr\u00e4ger ist hier noch gar nicht ber\u00fccksichtigt.<\/span><\/p>\n<\/li>\n<\/ul>\n<h3><span style=\"font-family: helvetica, arial, sans-serif;\"><strong>Preispakete<\/strong><\/span><\/h3>\n<ul style=\"list-style-type: circle;\">\n<li>\n<h5 class=\"font_5\"><span style=\"font-family: helvetica, arial, sans-serif; font-size: 12pt;\">Paket &#8222;Small&#8220;&nbsp;<\/span><\/h5>\n<p class=\"font_7\"><span style=\"font-family: helvetica, arial, sans-serif; font-size: 10pt;\">\u200b3&nbsp;Stunden Musik<\/span><\/p>\n<p class=\"font_7\"><span style=\"font-family: helvetica, arial, sans-serif; font-size: 10pt;\">inkl. Technikpaket Mini<\/span><\/p>\n<p class=\"font_7\"><span style=\"font-family: helvetica, arial, sans-serif; font-size: 10pt;\">inkl. Anfahrt im Umkreis 30km<\/span><\/p>\n<p class=\"font_7\"><span style=\"font-family: helvetica, arial, sans-serif; font-size: 10pt;\">inkl. Auf- und Abbau &nbsp; <span style=\"font-size: 14pt;\"><strong>35<\/strong><strong>0 \u20ac<\/strong><\/span><\/span><\/p>\n<\/li>\n<li>\n<h5 class=\"font_5\"><span style=\"font-family: helvetica, arial, sans-serif; font-size: 12pt;\">Paket &#8222;Medium&#8220;<\/span><\/h5>\n<p class=\"font_7\"><span style=\"font-family: helvetica, arial, sans-serif; font-size: 10pt;\">\u200b5&nbsp;Stunden Musik<\/span><\/p>\n<p class=\"font_7\"><span style=\"font-family: helvetica, arial, sans-serif; font-size: 10pt;\">inkl. Technikpaket Mini<\/span><\/p>\n<p class=\"font_7\"><span style=\"font-family: helvetica, arial, sans-serif; font-size: 10pt;\">inkl. Anfahrt im Umkreis 30km<\/span><\/p>\n<p class=\"font_7\"><span style=\"font-family: helvetica, arial, sans-serif; font-size: 10pt;\">inkl. Auf- und Abbau &nbsp; <span style=\"font-size: 14pt;\"><strong>500 \u20ac<\/strong><\/span><\/span><\/p>\n<\/li>\n<li>\n<h5 class=\"font_5\"><span style=\"font-family: helvetica, arial, sans-serif; font-size: 12pt;\">Paket &#8222;Wedding&#8220;<\/span><\/h5>\n<p class=\"font_7\"><span style=\"font-family: helvetica, arial, sans-serif;\">\u200b<span style=\"font-size: 10pt;\">7 Stunden Musik<\/span><\/span><\/p>\n<p class=\"font_7\"><span style=\"font-family: helvetica, arial, sans-serif; font-size: 10pt;\">inkl. Technikpaket Mini<\/span><\/p>\n<p class=\"font_7\"><span style=\"font-family: helvetica, arial, sans-serif; font-size: 10pt;\">inkl. Anfahrt im Umkreis 30km<\/span><\/p>\n<p class=\"font_7\"><span style=\"font-family: helvetica, arial, sans-serif; font-size: 10pt;\">inkl. Auf- und Abbau &nbsp; <span style=\"font-size: 14pt;\"><strong>700 \u20ac<\/strong><\/span><\/span><\/p>\n<\/li>\n<li>\n<h5 class=\"font_5\"><span style=\"font-family: helvetica, arial, sans-serif; font-size: 12pt;\">Paket &#8222;Large&#8220;<\/span><\/h5>\n<p class=\"font_7\"><span style=\"font-family: helvetica, arial, sans-serif;\">\u200b<span style=\"font-size: 10pt;\">10&nbsp;Stunden Musik<\/span><\/span><\/p>\n<p class=\"font_7\"><span style=\"font-family: helvetica, arial, sans-serif; font-size: 10pt;\">inkl. Technikpaket Mini<\/span><\/p>\n<p class=\"font_7\"><span style=\"font-family: helvetica, arial, sans-serif; font-size: 10pt;\">inkl. Anfahrt im Umkreis 30km<\/span><\/p>\n<p class=\"font_7\"><span style=\"font-family: helvetica, arial, sans-serif; font-size: 10pt;\">inkl. Auf- und Abbau &nbsp; <span style=\"font-size: 14pt;\"><strong>850 \u20ac<\/strong><\/span><\/span><\/p>\n<\/li>\n<\/ul>\n<p>&nbsp;<\/p>\n<table style=\"height: 128px; width: 738px;\">\n<tbody>\n<tr>\n<td style=\"width: 261px;\">\n<h5 class=\"font_5\"><span style=\"font-family: helvetica, arial, sans-serif;\">Preisliste<\/span><\/h5>\n<h5 class=\"font_5\"><span style=\"font-family: helvetica, arial, sans-serif;\">zu Ihrem Event<\/span><\/h5>\n<p><span style=\"font-size: 8pt; font-family: helvetica, arial, sans-serif;\">Technikpaket Standard&#8230;&#8230;&#8230;&#8230;.. &nbsp; 50 \u20ac<\/span><\/p>\n<p><span style=\"font-size: 8pt; font-family: helvetica, arial, sans-serif;\">Aufpreis f\u00fcr Subwoofer&#8230;&#8230;&#8230;&#8230;.. &nbsp; 25 \u20ac<\/span><\/p>\n<p class=\"font_8\"><span style=\"font-size: 8pt; font-family: helvetica, arial, sans-serif;\">Verl\u00e4ngerungs-Stunde Musik&#8230;&#8230; 50 \u20ac<\/span><\/p>\n<p class=\"font_8\"><span style=\"font-size: 8pt; font-family: helvetica, arial, sans-serif;\">Anfahrt im Umkreis bis 60km&#8230;&#8230; 20 \u20ac<\/span><\/p>\n<p class=\"font_8\"><span style=\"font-size: 8pt; font-family: helvetica, arial, sans-serif;\">Anfahrt im Umkreis bis 100km&#8230;. 40 \u20ac<\/span><\/p>\n<p class=\"font_8\"><span style=\"font-size: 8pt; font-family: helvetica, arial, sans-serif;\">Anfahrt im Umkreis bis 150km&#8230;. 60 \u20ac<\/span><\/p>\n<\/td>\n<td style=\"width: 269px;\">\n<h5 class=\"font_5\"><span style=\"font-family: helvetica, arial, sans-serif;\">Weitere Technik<\/span><\/h5>\n<p class=\"font_7\"><span style=\"font-size: 10pt; font-family: helvetica, arial, sans-serif;\"><strong>f\u00fcr Ihr Event<\/strong><\/span><\/p>\n<p class=\"font_8\"><span style=\"font-size: 8pt; font-family: helvetica, arial, sans-serif;\">Separates Lautsprecher-Paket &nbsp;100 \u20ac<\/span><\/p>\n<p class=\"font_8\"><span style=\"font-size: 8pt; font-family: helvetica, arial, sans-serif;\">Ambiente-Lichtpaket&#8230;&#8230;&#8230;&#8230;.. &nbsp; &nbsp;30 \u20ac<\/span><\/p>\n<p class=\"font_8\"><span style=\"font-size: 8pt; font-family: helvetica, arial, sans-serif;\">Kleine Nebelmaschine &nbsp;&#8230;&#8230;&#8230;. &nbsp;30 \u20ac<\/span><br \/>\n<span style=\"font-size: 8pt; font-family: helvetica, arial, sans-serif;\"> \u200bFunkmikrofon&#8230;&#8230;&#8230;&#8230;&#8230;&#8230;&#8230;&#8230;&#8230; 10 \u20ac<\/span><\/p>\n<p class=\"font_8\"><span style=\"font-size: 8pt; font-family: helvetica, arial, sans-serif;\">zus\u00e4tzl. LED-Fluter&#8230;&#8230;&#8230;&#8230;&#8230;&#8230;. je 10 \u20ac<\/span><\/p>\n<p class=\"font_8\"><span style=\"font-size: 8pt; font-family: helvetica, arial, sans-serif;\">zus\u00e4tzl. 4er LED Spots&#8230;&#8230;&#8230;&#8230; &nbsp;50 \u20ac<\/span><\/p>\n<\/td>\n<td style=\"width: 190px;\"><span style=\"font-family: helvetica, arial, sans-serif;\">&nbsp;<\/span><\/td>\n<\/tr>\n<\/tbody>\n<\/table>\n<p>&nbsp;<\/p>\n<p>&nbsp;<\/p>\n<p><span style=\"font-family: helvetica, arial, sans-serif;\">weitere Technikpakete bzw. Erweiterungen auf Anfrage<\/span><\/p>\n","protected":false},"excerpt":{"rendered":"<p>Die Frage nach dem Preis ist eine der meistgestellten \u00fcberhaupt. Leider l\u00e4sst sich diese nicht 100% pauschal beantworten. \u00c4hnlich wie beim Autokauf kommt&#8230;<\/p>\n","protected":false},"author":1,"featured_media":0,"parent":0,"menu_order":4,"comment_status":"closed","ping_status":"closed","template":"","meta":{"saved_in_kubio":false,"ngg_post_thumbnail":0,"jetpack_post_was_ever_published":false,"footnotes":""},"class_list":["post-65","page","type-page","status-publish","hentry"],"kubio_ai_page_context":{"short_desc":"","purpose":"general"},"jetpack_sharing_enabled":true,"jetpack_shortlink":"https:\/\/wp.me\/P8vw28-13","jetpack-related-posts":[{"id":2,"url":"https:\/\/www.djfio.de\/?page_id=2","url_meta":{"origin":65,"position":0},"title":"Ihr Event","author":"fio","date":"14. M\u00e4rz 2017","format":false,"excerpt":"Legen Sie Ihre Feier in professionelle H\u00e4nde! Wenn es darum geht, etwas wirklich Einzigartiges zu planen, sollte man nichts dem Zufall \u00fcberlassen. Mit Blick auf die Gestaltung Ihrer Party ist der erste Eindruck in jedem Fall der entscheidende. Wer sich da auf einen unerfahrenen DJ verl\u00e4sst, wird oft selbst im\u2026","rel":"","context":"\u00c4hnlicher Beitrag","block_context":{"text":"\u00c4hnlicher Beitrag","link":""},"img":{"alt_text":"","src":"","width":0,"height":0},"classes":[]},{"id":86,"url":"https:\/\/www.djfio.de\/?page_id=86","url_meta":{"origin":65,"position":1},"title":"Impressum","author":"fio","date":"8. Juni 2017","format":false,"excerpt":"Impressum Angaben gem\u00e4\u00df \u00a7 5 TMG: Oliver Fischer Deejay FiO 92256 Hahnbach Kontakt: Telefon: 01703220589 E-Mail: kontakt@djfio.de Wir sind nicht bereit oder verpflichtet, an Streitbeilegungsverfahren vor einer Verbraucherschlichtungsstelle teilzunehmen. \u00a0 Datenschutzerkl\u00e4rung Datenschutz Die Betreiber dieser Seiten nehmen den Schutz Ihrer pers\u00f6nlichen Daten sehr ernst. Wir behandeln Ihre personenbezogenen Daten vertraulich\u2026","rel":"","context":"\u00c4hnlicher Beitrag","block_context":{"text":"\u00c4hnlicher Beitrag","link":""},"img":{"alt_text":"","src":"","width":0,"height":0},"classes":[]},{"id":536,"url":"https:\/\/www.djfio.de\/?page_id=536","url_meta":{"origin":65,"position":2},"title":"Datenschutzerkl\u00e4rung","author":"fio","date":"1. Juni 2018","format":false,"excerpt":"Wer wir sind Die Adresse unserer Website ist: https:\/\/www.djfio.de. Welche personenbezogenen Daten wir sammeln und warum wir sie sammeln Kommentare Wenn Besucher Kommentare auf der Website schreiben, sammeln wir die Daten, die im Kommentar-Formular angezeigt werden, au\u00dferdem die IP-Adresse des Besuchers und den User-Agent-String (damit wird der Browser identifiziert), um\u2026","rel":"","context":"\u00c4hnlicher Beitrag","block_context":{"text":"\u00c4hnlicher Beitrag","link":""},"img":{"alt_text":"","src":"","width":0,"height":0},"classes":[]},{"id":83,"url":"https:\/\/www.djfio.de\/?page_id=83","url_meta":{"origin":65,"position":3},"title":"Deejay FiO","author":"fio","date":"8. Juni 2017","format":false,"excerpt":"Musik begleitet mich schon mein ganzes Leben. Mit meiner Leidenschaft begeistere ich seit Jahren meine Kunden auf Ihren pers\u00f6nlichen Events. Ich begann 1989 als DJ in einer Disco in unsrer Stadt und auf \u00a0verschiedenen Feiern Musik zu machen. Sei es die Schule oder der Sportverein gewesen, oft wurde nur nach\u2026","rel":"","context":"\u00c4hnlicher Beitrag","block_context":{"text":"\u00c4hnlicher Beitrag","link":""},"img":{"alt_text":"","src":"","width":0,"height":0},"classes":[]},{"id":229,"url":"https:\/\/www.djfio.de\/","url_meta":{"origin":65,"position":4},"title":"Home","author":"fio","date":"13. Juni 2017","format":false,"excerpt":"Hallo, ich bin Oliver Deejay FiO Sie suchen einen DJ f\u00fcr \u2026 Geburtstagspartys, Hochzeitsfesten, Firmenveranstaltungen, Mottoparty oder Open Air \u2026 mit oder ohne Anlage \u2026 mit verschiedener Beleuchtung f\u00fcr das gewollte Ambiente Dann haben Sie ihn gefunden, seit mehr als 20 Jahren bin ich im Auftrag der Party f\u00fcr Sie\u2026","rel":"","context":"\u00c4hnlicher Beitrag","block_context":{"text":"\u00c4hnlicher Beitrag","link":""},"img":{"alt_text":"","src":"https:\/\/i0.wp.com\/www.djfio.de\/wp-content\/uploads\/2025\/08\/DJ-Allianz-Instagram-neues-Format-1080x1080-1-240x300.png?resize=350%2C200&ssl=1","width":350,"height":200},"classes":[]},{"id":157,"url":"https:\/\/www.djfio.de\/?page_id=157","url_meta":{"origin":65,"position":5},"title":"Technik","author":"fio","date":"8. Juni 2017","format":false,"excerpt":"Macbook Pro mit Traktor Audio 6 f\u00fcr die Timecode Steuerung Musikanlage: 1 x 18\" aktiver Subwoofer mit 2 x 15 \" aktive Tops mit Stative alternative 2 x 18 \" aktive Subwoofer mit 2 x 15 \" aktive Tops mit Stative alternative 2 x Bose aktiv S\u00e4ulen System 2 x\u2026","rel":"","context":"\u00c4hnlicher Beitrag","block_context":{"text":"\u00c4hnlicher Beitrag","link":""},"img":{"alt_text":"","src":"","width":0,"height":0},"classes":[]}],"_links":{"self":[{"href":"https:\/\/www.djfio.de\/index.php?rest_route=\/wp\/v2\/pages\/65","targetHints":{"allow":["GET"]}}],"collection":[{"href":"https:\/\/www.djfio.de\/index.php?rest_route=\/wp\/v2\/pages"}],"about":[{"href":"https:\/\/www.djfio.de\/index.php?rest_route=\/wp\/v2\/types\/page"}],"author":[{"embeddable":true,"href":"https:\/\/www.djfio.de\/index.php?rest_route=\/wp\/v2\/users\/1"}],"replies":[{"embeddable":true,"href":"https:\/\/www.djfio.de\/index.php?rest_route=%2Fwp%2Fv2%2Fcomments&post=65"}],"version-history":[{"count":14,"href":"https:\/\/www.djfio.de\/index.php?rest_route=\/wp\/v2\/pages\/65\/revisions"}],"predecessor-version":[{"id":1236,"href":"https:\/\/www.djfio.de\/index.php?rest_route=\/wp\/v2\/pages\/65\/revisions\/1236"}],"wp:attachment":[{"href":"https:\/\/www.djfio.de\/index.php?rest_route=%2Fwp%2Fv2%2Fmedia&parent=65"}],"curies":[{"name":"wp","href":"https:\/\/api.w.org\/{rel}","templated":true}]}}