{"id":83,"date":"2017-06-08T13:48:42","date_gmt":"2017-06-08T11:48:42","guid":{"rendered":"https:\/\/www.djfio.de\/wp\/?page_id=83"},"modified":"2017-06-21T13:12:03","modified_gmt":"2017-06-21T11:12:03","slug":"deejay-fio-2","status":"publish","type":"page","link":"https:\/\/www.djfio.de\/?page_id=83","title":{"rendered":"Deejay FiO"},"content":{"rendered":"<p class=\"font_8\"><span style=\"font-family: helvetica, arial, sans-serif;\">Musik begleitet mich schon mein ganzes Leben. Mit meiner Leidenschaft begeistere ich seit Jahren meine Kunden auf Ihren pers\u00f6nlichen Events.<\/span><\/p>\n<p class=\"font_8\"><span style=\"font-family: helvetica, arial, sans-serif;\">Ich begann 1989 als DJ in einer Disco in unsrer Stadt und auf &nbsp;verschiedenen Feiern Musik zu machen. Sei es die Schule oder der Sportverein gewesen, oft wurde nur nach &#8222;Oli&#8220;, wie ich richtig hei\u00dfe, und seiner Musik gefragt. Dazu hier mehr:<\/span><\/p>\n<p class=\"font_8\">&nbsp;<\/p>\n<p class=\"font_8\"><span style=\"font-family: helvetica, arial, sans-serif;\">Geboren 1974 und aufgewachsen in Sulzbach-Rosenberg, widmete ich mich schon zu Kindertagen der Musik und sammelte in den 80ern auf Kassette alle m\u00f6glichen Songs aus dem Radio. Durch meine gro\u00dfe Musiksammlung wurde ich f\u00fcr die ein oder andere Feier angefragt, um halt&nbsp;&#8222;ein wenig Musik laufen zu lassen.&#8220;&nbsp;Das machte Spass, jedoch wollte ich mehr als nur&nbsp;&#8222;Musik laufen zu lassen.&#8220;&nbsp;Ich wollte durch gezieltes spielen ausgew\u00e4hlter Lieder Stimmungen erzeugen!<\/span><\/p>\n<p class=\"font_8\"><span style=\"font-family: helvetica, arial, sans-serif;\">Was mir mit viel Geduld und einiger \u00dcbung auch tats\u00e4chlich gelang.<\/span><\/p>\n<p class=\"font_8\"><span style=\"font-family: helvetica, arial, sans-serif;\">Durch die gekonnte Musikauswahl wurde ich f\u00fcr Hochzeiten und Geburtstage angefragt. Ich fand Freude daran und wurde immer besser.<\/span><\/p>\n<p class=\"font_8\"><span style=\"font-family: helvetica, arial, sans-serif;\">&nbsp;Anfang der 2000er wurde es ruhiger um mich, da ich Job-Technisch und Famili\u00e4r andere Priorit\u00e4ten setzen musste. 2014 hab ich dann den Entschluss gefasst wieder in die Musikbranche einzusteigen und Wochenende f\u00fcr Wochenende wieder die Leute mit meiner Musik zu begeistern.<\/span><\/p>\n<p class=\"font_8\"><span style=\"font-family: helvetica, arial, sans-serif;\">Allerdings hat sich mein Musikstil ver\u00e4ndert, ich bin flexibler geworden und spiele sowohl House, Elektro, Black, Charts, Rock, Apres-Ski, Discofox, Oldies, uvm. Ich werde Bayernweit&nbsp;gebucht, ganz egal ob Clubs, Open-Airs, Firmenevents oder Privatveranstaltungen.<\/span><\/p>\n<p class=\"font_8\"><span style=\"font-family: helvetica, arial, sans-serif;\"><strong>Mein Zitat:<\/strong>&nbsp;&#8222;Ich spiele das, was die G\u00e4ste h\u00f6ren wollen bzw. der Veranstalter mit mir ausgemacht hat.&#8220; Ich richte mich komplett nach dem Publikum und entscheide immer spontan was ich spiele um die Leute den ganzen Abend bei Laune zu halten.&#8220; Genau das macht mich so besonders und macht den Unterschied zu vielen DJ\u00b4s aus.<\/span><\/p>\n","protected":false},"excerpt":{"rendered":"<p>Musik begleitet mich schon mein ganzes Leben. Mit meiner Leidenschaft begeistere ich seit Jahren meine Kunden auf Ihren pers\u00f6nlichen Events. Ich begann 1989&#8230;<\/p>\n","protected":false},"author":1,"featured_media":0,"parent":0,"menu_order":2,"comment_status":"closed","ping_status":"closed","template":"","meta":{"saved_in_kubio":false,"ngg_post_thumbnail":0,"jetpack_post_was_ever_published":false,"footnotes":""},"class_list":["post-83","page","type-page","status-publish","hentry"],"kubio_ai_page_context":{"short_desc":"","purpose":"general"},"jetpack_sharing_enabled":true,"jetpack_shortlink":"https:\/\/wp.me\/P8vw28-1l","jetpack-related-posts":[{"id":65,"url":"https:\/\/www.djfio.de\/?page_id=65","url_meta":{"origin":83,"position":0},"title":"Preise","author":"fio","date":"8. Juni 2017","format":false,"excerpt":"Die Frage nach dem Preis ist eine der meistgestellten \u00fcberhaupt. Leider l\u00e4sst sich diese nicht 100% pauschal beantworten. \u00c4hnlich wie beim Autokauf kommt es immer auf das Modell an, was man haben m\u00f6chte.\u00a0Grunds\u00e4tzlich gibt es bei mir verschiedene\u00a0\"Spielzeit-Pakete\", welche Sie unten als Auflistung finden. Inklusive Open-End Option Nat\u00fcrlich mache ich\u2026","rel":"","context":"\u00c4hnlicher Beitrag","block_context":{"text":"\u00c4hnlicher Beitrag","link":""},"img":{"alt_text":"","src":"","width":0,"height":0},"classes":[]},{"id":2,"url":"https:\/\/www.djfio.de\/?page_id=2","url_meta":{"origin":83,"position":1},"title":"Ihr Event","author":"fio","date":"14. M\u00e4rz 2017","format":false,"excerpt":"Legen Sie Ihre Feier in professionelle H\u00e4nde! Wenn es darum geht, etwas wirklich Einzigartiges zu planen, sollte man nichts dem Zufall \u00fcberlassen. Mit Blick auf die Gestaltung Ihrer Party ist der erste Eindruck in jedem Fall der entscheidende. Wer sich da auf einen unerfahrenen DJ verl\u00e4sst, wird oft selbst im\u2026","rel":"","context":"\u00c4hnlicher Beitrag","block_context":{"text":"\u00c4hnlicher Beitrag","link":""},"img":{"alt_text":"","src":"","width":0,"height":0},"classes":[]},{"id":229,"url":"https:\/\/www.djfio.de\/","url_meta":{"origin":83,"position":2},"title":"Home","author":"fio","date":"13. Juni 2017","format":false,"excerpt":"Hallo, ich bin Oliver Deejay FiO Sie suchen einen DJ f\u00fcr \u2026 Geburtstagspartys, Hochzeitsfesten, Firmenveranstaltungen, Mottoparty oder Open Air \u2026 mit oder ohne Anlage \u2026 mit verschiedener Beleuchtung f\u00fcr das gewollte Ambiente Dann haben Sie ihn gefunden, seit mehr als 20 Jahren bin ich im Auftrag der Party f\u00fcr Sie\u2026","rel":"","context":"\u00c4hnlicher Beitrag","block_context":{"text":"\u00c4hnlicher Beitrag","link":""},"img":{"alt_text":"","src":"https:\/\/i0.wp.com\/www.djfio.de\/wp-content\/uploads\/2025\/08\/DJ-Allianz-Instagram-neues-Format-1080x1080-1-240x300.png?resize=350%2C200&ssl=1","width":350,"height":200},"classes":[]},{"id":536,"url":"https:\/\/www.djfio.de\/?page_id=536","url_meta":{"origin":83,"position":3},"title":"Datenschutzerkl\u00e4rung","author":"fio","date":"1. Juni 2018","format":false,"excerpt":"Wer wir sind Die Adresse unserer Website ist: https:\/\/www.djfio.de. Welche personenbezogenen Daten wir sammeln und warum wir sie sammeln Kommentare Wenn Besucher Kommentare auf der Website schreiben, sammeln wir die Daten, die im Kommentar-Formular angezeigt werden, au\u00dferdem die IP-Adresse des Besuchers und den User-Agent-String (damit wird der Browser identifiziert), um\u2026","rel":"","context":"\u00c4hnlicher Beitrag","block_context":{"text":"\u00c4hnlicher Beitrag","link":""},"img":{"alt_text":"","src":"","width":0,"height":0},"classes":[]},{"id":86,"url":"https:\/\/www.djfio.de\/?page_id=86","url_meta":{"origin":83,"position":4},"title":"Impressum","author":"fio","date":"8. Juni 2017","format":false,"excerpt":"Impressum Angaben gem\u00e4\u00df \u00a7 5 TMG: Oliver Fischer Deejay FiO 92256 Hahnbach Kontakt: Telefon: 01703220589 E-Mail: kontakt@djfio.de Wir sind nicht bereit oder verpflichtet, an Streitbeilegungsverfahren vor einer Verbraucherschlichtungsstelle teilzunehmen. \u00a0 Datenschutzerkl\u00e4rung Datenschutz Die Betreiber dieser Seiten nehmen den Schutz Ihrer pers\u00f6nlichen Daten sehr ernst. Wir behandeln Ihre personenbezogenen Daten vertraulich\u2026","rel":"","context":"\u00c4hnlicher Beitrag","block_context":{"text":"\u00c4hnlicher Beitrag","link":""},"img":{"alt_text":"","src":"","width":0,"height":0},"classes":[]},{"id":157,"url":"https:\/\/www.djfio.de\/?page_id=157","url_meta":{"origin":83,"position":5},"title":"Technik","author":"fio","date":"8. Juni 2017","format":false,"excerpt":"Macbook Pro mit Traktor Audio 6 f\u00fcr die Timecode Steuerung Musikanlage: 1 x 18\" aktiver Subwoofer mit 2 x 15 \" aktive Tops mit Stative alternative 2 x 18 \" aktive Subwoofer mit 2 x 15 \" aktive Tops mit Stative alternative 2 x Bose aktiv S\u00e4ulen System 2 x\u2026","rel":"","context":"\u00c4hnlicher Beitrag","block_context":{"text":"\u00c4hnlicher Beitrag","link":""},"img":{"alt_text":"","src":"","width":0,"height":0},"classes":[]}],"_links":{"self":[{"href":"https:\/\/www.djfio.de\/index.php?rest_route=\/wp\/v2\/pages\/83","targetHints":{"allow":["GET"]}}],"collection":[{"href":"https:\/\/www.djfio.de\/index.php?rest_route=\/wp\/v2\/pages"}],"about":[{"href":"https:\/\/www.djfio.de\/index.php?rest_route=\/wp\/v2\/types\/page"}],"author":[{"embeddable":true,"href":"https:\/\/www.djfio.de\/index.php?rest_route=\/wp\/v2\/users\/1"}],"replies":[{"embeddable":true,"href":"https:\/\/www.djfio.de\/index.php?rest_route=%2Fwp%2Fv2%2Fcomments&post=83"}],"version-history":[{"count":2,"href":"https:\/\/www.djfio.de\/index.php?rest_route=\/wp\/v2\/pages\/83\/revisions"}],"predecessor-version":[{"id":268,"href":"https:\/\/www.djfio.de\/index.php?rest_route=\/wp\/v2\/pages\/83\/revisions\/268"}],"wp:attachment":[{"href":"https:\/\/www.djfio.de\/index.php?rest_route=%2Fwp%2Fv2%2Fmedia&parent=83"}],"curies":[{"name":"wp","href":"https:\/\/api.w.org\/{rel}","templated":true}]}}